{"id":260,"date":"2017-02-10T10:49:37","date_gmt":"2017-02-10T10:49:37","guid":{"rendered":"http:\/\/knobstudios.eu\/?page_id=260"},"modified":"2025-11-19T15:43:55","modified_gmt":"2025-11-19T15:43:55","slug":"conocenos","status":"publish","type":"page","link":"https:\/\/knobstudios.eu\/index.php\/conocenos\/","title":{"rendered":"Con\u00f3cenos"},"content":{"rendered":"<div class=\"wpb-content-wrapper\"><p>[vc_row full_width=&#8221;stretch_row&#8221; css=&#8221;.vc_custom_1486714495367{background-color: #faf8f5 !important;}&#8221;][vc_column][vc_empty_space height=&#8221;0.7rem&#8221; alter_height=&#8221;none&#8221; hide_on_mobile=&#8221;&#8221;][vc_empty_space height=&#8221;&#8221; alter_height=&#8221;huge&#8221; hide_on_mobile=&#8221;&#8221;]<div  id=\"sc_promo_1195466138\" \r\n\tclass=\"sc_promo sc_promo_modern sc_promo_size_normal sc_promo_no_paddings sc_promo_image_position_right\"\r\n\t\t><div class=\"sc_promo_image_wrap\" style=\"width:50%;right: 0;\"><div class=\"sc_promo_image\" style=\"background-image:url(https:\/\/knobstudios.eu\/wp-content\/uploads\/2025\/11\/IMG_8257.heic);\"><\/div><\/div><div class=\"sc_promo_text\" style=\"width: 50%;float: left;\">\r\n\t\t\t<div class=\"sc_promo_text_inner\" style=\"\"><div class=\"sc_promo_content sc_item_content\"><div id=\"sc_title_1319808758\"\r\n\t\tclass=\"sc_title sc_title_default  sc_align_left with_line\"><h3 class=\"sc_item_title sc_title_title sc_align_left sc_item_title_style_default\">Nuestra historia<\/h3><div class=\"sc_item_descr sc_title_descr sc_align_left\">Este proyecto nace de una idea sencilla: compartir todo lo que me hubiera gustado saber cuando empec\u00e9 a montar mi primer Home Studio.<\/p>\n<p>Soy Jos\u00e9 del Amor, productor musical, t\u00e9cnico audiovisual y creador de contenido. Llevo m\u00e1s de dos d\u00e9cadas entre estudios, escenarios y salas de ensayo, ayudando a m\u00fasicos y proyectos a sonar mejor, a construir su espacio y a entender la ac\u00fastica sin complicaciones.<\/p>\n<p>Aqu\u00ed encontrar\u00e1s todo lo que he ido aprendiendo por el camino: trucos, herramientas, v\u00eddeos, gu\u00edas pr\u00e1cticas y Acustibot Lite, un asistente creado para que cualquier persona pueda mejorar su sala sin volverse loca.<\/p>\n<p>Adem\u00e1s de esta plataforma formativa, tambi\u00e9n somos un estudio de producci\u00f3n, mezcla y mastering, donde trabajamos con artistas, bandas y creadores que buscan un sonido profesional.<br \/>\nOfrecemos servicios completos de grabaci\u00f3n, edici\u00f3n, mezcla y postproducci\u00f3n, adapt\u00e1ndonos tanto a proyectos independientes como a producciones m\u00e1s avanzadas.<\/p>\n<p>Nuestra misi\u00f3n es simple: ayudarte a sonar mejor, ya sea construyendo tu propio Home Studio, resolviendo problemas ac\u00fasticos, aprendiendo nuevas t\u00e9cnicas\u2026 o trabajando juntos en tu m\u00fasica desde nuestro estudio.<\/div><\/div><!-- \/.sc_title -->[vc_empty_space height=&#8221;&#8221; alter_height=&#8221;medium&#8221; hide_on_mobile=&#8221;&#8221;]<div id=\"sc_content_2139267572\"\r\n\t\tclass=\"sc_content sc_content_default sc_float_center\"><div class=\"sc_content_container\"><div class=\"sc_item_button sc_button_wrap\"><a href=\"\/contacts\/\" id=\"sc_button_1370706615\" class=\"sc_button sc_button_style_2 sc_button_size_normal sc_button_icon_left\"><span class=\"sc_button_text sc_align_center\"><span class=\"sc_button_title\">Contacta con nosotros<\/span><\/span><!-- \/.sc_button_text --><\/a><!-- \/.sc_button --><\/div><!-- \/.sc_item_button --><\/div><\/div><!-- \/.sc_content --><\/div><\/div>\r\n\t\t<\/div><!-- \/.sc_promo_text --><\/div><!-- \/.sc_promo -->[vc_empty_space height=&#8221;0.3rem&#8221; alter_height=&#8221;none&#8221; hide_on_mobile=&#8221;&#8221;][vc_empty_space height=&#8221;&#8221; alter_height=&#8221;huge&#8221; hide_on_mobile=&#8221;&#8221;][\/vc_column][\/vc_row]<\/p>\n<\/div>","protected":false},"excerpt":{"rendered":"<p>[vc_row full_width=&#8221;stretch_row&#8221; css=&#8221;.vc_custom_1486714495367{background-color: #faf8f5 !important;}&#8221;][vc_column][vc_empty_space height=&#8221;0.7rem&#8221; alter_height=&#8221;none&#8221; hide_on_mobile=&#8221;&#8221;][vc_empty_space height=&#8221;&#8221; alter_height=&#8221;huge&#8221; hide_on_mobile=&#8221;&#8221;][vc_empty_space height=&#8221;0.3rem&#8221; alter_height=&#8221;none&#8221; hide_on_mobile=&#8221;&#8221;][vc_empty_space height=&#8221;&#8221; alter_height=&#8221;huge&#8221; hide_on_mobile=&#8221;&#8221;][\/vc_column][\/vc_row]<\/p>\n","protected":false},"author":1,"featured_media":0,"parent":0,"menu_order":0,"comment_status":"closed","ping_status":"closed","template":"","meta":{"footnotes":""},"class_list":["post-260","page","type-page","status-publish","hentry"],"_links":{"self":[{"href":"https:\/\/knobstudios.eu\/index.php\/wp-json\/wp\/v2\/pages\/260","targetHints":{"allow":["GET"]}}],"collection":[{"href":"https:\/\/knobstudios.eu\/index.php\/wp-json\/wp\/v2\/pages"}],"about":[{"href":"https:\/\/knobstudios.eu\/index.php\/wp-json\/wp\/v2\/types\/page"}],"author":[{"embeddable":true,"href":"https:\/\/knobstudios.eu\/index.php\/wp-json\/wp\/v2\/users\/1"}],"replies":[{"embeddable":true,"href":"https:\/\/knobstudios.eu\/index.php\/wp-json\/wp\/v2\/comments?post=260"}],"version-history":[{"count":22,"href":"https:\/\/knobstudios.eu\/index.php\/wp-json\/wp\/v2\/pages\/260\/revisions"}],"predecessor-version":[{"id":1355,"href":"https:\/\/knobstudios.eu\/index.php\/wp-json\/wp\/v2\/pages\/260\/revisions\/1355"}],"wp:attachment":[{"href":"https:\/\/knobstudios.eu\/index.php\/wp-json\/wp\/v2\/media?parent=260"}],"curies":[{"name":"wp","href":"https:\/\/api.w.org\/{rel}","templated":true}]}}